{"id":3,"date":"2023-10-09T17:59:39","date_gmt":"2023-10-09T15:59:39","guid":{"rendered":"https:\/\/adamello10.it\/landing\/?page_id=3"},"modified":"2023-10-20T12:53:53","modified_gmt":"2023-10-20T10:53:53","slug":"privacy-policy","status":"publish","type":"page","link":"https:\/\/adamello10.it\/landing\/privacy-policy\/","title":{"rendered":"Privacy Policy"},"content":{"rendered":"\r\n<div class=\"h1_cookie\">Privacy Policy<\/div>\r\n<p class=\"paragrafo_cookie\">Ai sensi e per gli effetti degli Articoli 13 e 14 del Regolamento Generale (UE) 2016\/679 sulla Protezione dei Dati Personali (d\u2019ora in poi GDPR), il presente testo indica come tuteliamo la privacy dei visitatori del Sito, descrivendo come raccogliamo, trattiamo e proteggiamo le informazioni personali, i diritti garantiti ai soggetti interessati e i mezzi per contattarci.<\/p>\r\n<div class=\"h2_cookie\">Come utilizziamo i cookie<\/div>\r\n<p class=\"paragrafo_cookie\">I vostri dati personali saranno trattati da\u00a0<a class=\"link_dils\" href=\"https:\/\/dils.com\/?utm_source=logo&amp;utm_medium=sitoadamello10\" target=\"_blank\" rel=\"noopener\"><span class=\"semibold_cookie-privacy\">Dils S.p.A.<\/span><\/a>, con sede in P.zza Armando Diaz, 7 \u201320123, Milano (MI), Italia e da\u00a0<a class=\"link_carver\" href=\"https:\/\/www.carver-realestate.it\/\" target=\"_blank\" rel=\"noopener\"><span class=\"semibold_cookie-privacy\">Carver Real Estate S.r.l.<\/span><\/a>\u00a0con sede in via Pietro Verri n. 1 \u2013 20121 Milano.<\/p>\r\n<p class=\"paragrafo_cookie\">Ai sensi dell\u2019Articolo 24 del GDPR, i Contitolari definiscono congiuntamente le finalit\u00e0 ed i mezzi del trattamento dei dati personali.<\/p>\r\n<ul class=\"list privacy\" role=\"list\">\r\n<li class=\"list-item\"><span class=\"semibold_cookie-privacy\">Finalit\u00e0 del trattamento cui sono destinati i dati<\/span><br \/>I dati personali sono trattati nell&#8217;ambito della normale attivit\u00e0 professionale, gestionale e promozionale del sottoindicato Titolare del trattamento secondo le seguenti finalit\u00e0:<br \/>1.1) finalit\u00e0 contrattuali strettamente connesse e strumentali alla gestione del rapporto professionale, quali:<br \/>\u2022 trattamento dei dati per lo svolgimento delle pratiche commerciali, amministrative e\/o derivanti dal contratto o da obblighi di legge;<br \/>\u2022\u00a0invio di documentazione informativa o riferita alle pratiche commerciali ed amministrative di cui sopra;<br \/>1.2) finalit\u00e0 di marketing:<br \/>\u2022 trattamento dei dati per l&#8217;invio di materiale pubblicitario o di vendita diretta, newsletter, compimento di ricerche di mercato, analisi statistiche o di comunicazione commerciale con modalit\u00e0 di contatto automatizzate e tradizionali da parte del Titolare deltrattamento;<br \/>1.3) funzionali all&#8217;attivit\u00e0 del sottoindicato Titolare del trattamento, quali:<br \/>\u2022 comunicazione dei dati dell&#8217;interessato a persone fisiche e\/o giuridiche operanti nell&#8217;ambito di attivit\u00e0 connesse, necessarie per il compito dell&#8217;incarico affidato (quali quelle relative a effettuazione di visure ipo-catastali, protesti) e\/o al fine di stipulare polizze assicurative a copertura dei rischi inerenti all\u2019operazione oggetto di incarico;<br \/>1.4) rispetto di normative comunitarie e nazionali (DM 3.2.2006 n. 143 Antiriciclaggio).<\/li>\r\n<li class=\"list-item\"><span class=\"semibold_cookie-privacy\">Periodo di conservazione dei dati personali<\/span><br \/>I dati sono trattati e conservati per il tempo richiesto dalle finalit\u00e0 per le quali sono stati raccolti. Pertanto:<br \/>\u2022 i dati personali raccolti per scopi collegati all&#8217;esecuzione di un contratto tra il Titolare e l&#8217;utente saranno trattenuti sino a quando sia completata l&#8217;esecuzione di tale contratto.<br \/>\u2022 i dati personali raccolti per finalit\u00e0 riconducibili all&#8217;interesse legittimo del Titolare saranno trattenuti sino al soddisfacimento di tale interesse. L&#8217;utente pu\u00f2 ottenere ulteriori informazioni in merito all&#8217;interesse legittimo perseguito dal Titolare nelle relative sezioni di questo documento o contattando il Titolare. Quando il trattamento \u00e8 basato sul consenso dell&#8217;utente, il Titolare pu\u00f2 conservare i dati personali pi\u00f9 a lungo sino a quando detto consenso non venga revocato. Inoltre, il Titolare potrebbe essere obbligato a conservare i dati personali per un periodo pi\u00f9 lungo in ottemperanza ad un obbligo di Legge o per ordine di un&#8217;autorit\u00e0. Al termine del periodo di conservazione, i dati personali saranno cancellati. Pertanto, allo spirare di tale termine il diritto di accesso, cancellazione, rettificazione ed il diritto alla portabilit\u00e0 dei dati non potranno pi\u00f9 essere esercitati.<\/li>\r\n<li class=\"list-item\"><span class=\"semibold_cookie-privacy\">Modalit\u00e0 di trattamento dei dati<strong><br \/><\/strong><\/span>I dati personali sono trattati nell&#8217;ambito della normale attivit\u00e0 professionale, gestionale e promozionale del sotto indicato Titolare del trattamento secondo le seguenti modalit\u00e0:<br \/>\u2022 in relazione alle sopra indicate finalit\u00e0, il trattamento dei dati personali avviene mediante strumenti manuali, informatici e telematici con logiche strettamente correlate alle finalit\u00e0 stesse e, comunque, in modo da garantire la sicurezza e la riservatezza dei dati stessi.<br \/>\u2022 l&#8217;inserimento dei dati dell&#8217;interessato potr\u00e0 avvenire sia su supporto cartaceo che informatico e\/o telematico.<\/li>\r\n<li class=\"list-item\"><span class=\"semibold_cookie-privacy\">Categorie di dati personali<\/span><br \/>4.1) categorie di dati personali trattati per finalit\u00e0 contrattuali e legali: dati anagrafici, dati di contatto, dati fiscali, dati bancari, dati relativi ai prodotti acquistati e\/o consultati, dati di registrazione al sito internet, dati di navigazione, informazioni richieste, immagini.<br \/>4.2) categorie di dati personali trattati per finalit\u00e0 di marketing: dati anagrafici, dati di contatto, dati fiscali, dati bancari, dati relativi ai prodotti acquistati e\/o consultati, dati di registrazione al sito internet, dati di navigazione, informazioni richieste, immagini.<br \/>4.3) Categorie di dati personali trattati per attivit\u00e0 funzionali: dati anagrafici, dati di contatto, dati fiscali, dati bancari, dati relativi ai prodotti acquistati e\/o consultati, dati di registrazione al sito internet, dati di navigazione, informazioni richieste, immagini.<\/li>\r\n<li class=\"list-item\"><span class=\"semibold_cookie-privacy\">Obbligatoriet\u00e0 del conferimento dei dati<\/span><br \/>Il conferimento dei dati personali di cui al punto 4.1 per le finalit\u00e0 di cui al punto 1.1 \u00e8 obbligatorio. Il rifiuto di fornire i suddetti dati personali non consente, pertanto, la possibilit\u00e0 di usufruire dei servizi indicati. Il conferimento dei dati personali di cui ai punti 4.2 e 4.3 per le finalit\u00e0 di cui ai punti 1.2 e 1.3 \u00e8 facoltativo e vincolato al suo consenso.<\/li>\r\n<li class=\"list-item\"><span class=\"semibold_cookie-privacy\">Destinatari dei dati<\/span><br \/>I dati possono essere trattati da soggetti esterni operanti in qualit\u00e0 di titolari autonomi quali, a titolo esemplificativo, autorit\u00e0 ed organi di vigilanza e controllo ed ingenerale soggetti, pubblici o privati, legittimati a richiedere i dati, societ\u00e0 di consulenza e\/o studi professionali e\/o professionisti, ad esempio legali, fiscali e compagnie di assicurazioni. I dati possono altres\u00ec essere trattati, per conto del Titolare del trattamento, da soggetti esterni designati come responsabili, a cui sono impartite adeguate istruzioni operative. Tali soggetti sono essenzialmente ricompresi, a titolo esemplificativo, nelle seguenti categorie: societ\u00e0 che offrono servizi di invio e-mail; societ\u00e0 che offrono servizi di manutenzione e sviluppo del sito; societ\u00e0 che offrono supporto nella realizzazione di studi di mercato; societ\u00e0 che erogano servizi di post-vendita e assistenza al consumatore; societ\u00e0 di spedizione e trasporto; societ\u00e0 che erogano servizi di postalizzazione e altre attivit\u00e0 di marketing. \u00a0<\/li>\r\n<li class=\"list-item\"><span class=\"semibold_cookie-privacy\">Soggetti autorizzati al trattamento<\/span><br \/>I Suoi dati potranno essere trattati dai dipendenti delle funzioni aziendali delle societ\u00e0 deputate al perseguimento delle finalit\u00e0 sopra indicate, che sono stati espressamente autorizzati al trattamento e che hanno ricevuto adeguate istruzioni operative.<\/li>\r\n<li class=\"list-item\"><span class=\"semibold_cookie-privacy\">I Suoi diritti da interessato al trattamento &#8211; reclamo all&#8217;autorit\u00e0 di controllo<\/span><br \/>Ai sensi del GDPR, l&#8217;Interessato ha diritto: al diritto di chiedere ai Titolari del trattamento l&#8217;accesso ai dati personali (art. 15), la rettifica (art. 16), la cancellazione (art. 17), la limitazione del trattamento dei dati personali che lo riguardano (art. 18), il diritto alla portabilit\u00e0 dei dati (art. 20) o di opporsi al loro trattamento (art. 21), oltre al diritto di non essere sottoposto a una decisione basata unicamente su un trattamento automatizzato, compresa la profilazione, che produca effetti giuridici riguardanti il soggetto o che lo riguardi in modo significativo (art. 22).<\/li>\r\n<\/ul>\r\n<p class=\"paragrafo_cookie\">Qualora il trattamento dei dati personali si basi sul consenso espresso dall&#8217;interessato, ai sensi dell&#8217;art. 7 comma 3 del Regolamento, \u00e8 riconosciuta la possibilit\u00e0 di revocare il consenso prestato per l&#8217;invio di comunicazioni e aggiornamenti per finalit\u00e0 promozionali e commerciali.<\/p>\r\n<p class=\"paragrafo_cookie\">Esiste inoltre il diritto di proporre reclamo all&#8217;Autorit\u00e0 di controllo competente (art. 77 del Regolamento) qualora gli utenti ritengano che il trattamento effettuato dal Titolare non sia conforme a quanto previsto dalla normativa in materia di protezione dei dati personali. In Italia, il reclamo pu\u00f2 essere presentato allocale Garante per la protezione dei dati personali. Maggiori informazioni sulle modalit\u00e0 di presentazione dei reclami sono disponibili sul sito web del Garante, all&#8217;indirizzo\u00a0<a class=\"link_cookie_text\" href=\"https:\/\/www.garanteprivacy.it\/\" target=\"_blank\" rel=\"noopener\">www.garanteprivacy.it<\/a>.<\/p>\r\n<p class=\"paragrafo_cookie\">Le richieste possono essere inoltrate ai Titolari del trattamento nei seguenti modi:<\/p>\r\n<p class=\"paragrafo_cookie\">scrivendo ai seguenti indirizzi e-mail:<\/p>\r\n<ul class=\"list\" role=\"list\">\r\n<li class=\"list-item-2\"><span class=\"semibold_cookie-privacy\">privacy.living@dils.com<\/span><\/li>\r\n<li><span class=\"semibold_cookie-privacy\">info@carver-realestate.it<\/span><\/li>\r\n<\/ul>\r\n<p class=\"paragrafo_cookie\">per posta raccomandata all&#8217;indirizzo:<\/p>\r\n<ul class=\"list\" role=\"list\">\r\n<li class=\"list-item-2\"><span class=\"semibold_cookie-privacy\">Dils S.p.A<\/span><strong>.\u00a0<\/strong>PiazzaArmando Diaz n. 7 &#8211; 20123 \u200d<\/li>\r\n<li><span class=\"semibold_cookie-privacy\">Carver Real Estate S.r.l.<\/span><strong>\u00a0<\/strong>via Pietro Verri n. 1 \u2013 20121 Milano<\/li>\r\n<\/ul>\r\n","protected":false},"excerpt":{"rendered":"<p>Privacy Policy Ai sensi e per gli effetti degli Articoli 13 e 14 del Regolamento Generale (UE) 2016\/679 sulla Protezione dei Dati Personali (d\u2019ora in poi GDPR), il presente testo indica come tuteliamo la privacy dei visitatori del Sito, descrivendo come raccogliamo, trattiamo e proteggiamo le informazioni personali, i diritti garantiti ai soggetti interessati e &hellip; <a href=\"https:\/\/adamello10.it\/landing\/privacy-policy\/\">Continued<\/a><\/p>\n","protected":false},"author":1,"featured_media":0,"parent":0,"menu_order":0,"comment_status":"closed","ping_status":"open","template":"template-info.blade.php","meta":{"_acf_changed":false,"inline_featured_image":false,"footnotes":""},"class_list":["post-3","page","type-page","status-publish","hentry"],"acf":[],"yoast_head":"<!-- This site is optimized with the Yoast SEO plugin v24.4 - https:\/\/yoast.com\/wordpress\/plugins\/seo\/ -->\n<title>Privacy Policy - Adamello 10<\/title>\n<meta name=\"robots\" content=\"index, follow, max-snippet:-1, max-image-preview:large, max-video-preview:-1\" \/>\n<link rel=\"canonical\" href=\"https:\/\/adamello10.it\/landing\/privacy-policy\/\" \/>\n<meta property=\"og:locale\" content=\"it_IT\" \/>\n<meta property=\"og:type\" content=\"article\" \/>\n<meta property=\"og:title\" content=\"Privacy Policy - Adamello 10\" \/>\n<meta property=\"og:description\" content=\"Privacy Policy Ai sensi e per gli effetti degli Articoli 13 e 14 del Regolamento Generale (UE) 2016\/679 sulla Protezione dei Dati Personali (d\u2019ora in poi GDPR), il presente testo indica come tuteliamo la privacy dei visitatori del Sito, descrivendo come raccogliamo, trattiamo e proteggiamo le informazioni personali, i diritti garantiti ai soggetti interessati e &hellip; Continued\" \/>\n<meta property=\"og:url\" content=\"https:\/\/adamello10.it\/landing\/privacy-policy\/\" \/>\n<meta property=\"og:site_name\" content=\"Adamello 10\" \/>\n<meta property=\"article:modified_time\" content=\"2023-10-20T10:53:53+00:00\" \/>\n<meta name=\"twitter:card\" content=\"summary_large_image\" \/>\n<meta name=\"twitter:label1\" content=\"Tempo di lettura stimato\" \/>\n\t<meta name=\"twitter:data1\" content=\"7 minuti\" \/>\n<script type=\"application\/ld+json\" class=\"yoast-schema-graph\">{\"@context\":\"https:\/\/schema.org\",\"@graph\":[{\"@type\":\"WebPage\",\"@id\":\"https:\/\/adamello10.it\/landing\/privacy-policy\/\",\"url\":\"https:\/\/adamello10.it\/landing\/privacy-policy\/\",\"name\":\"Privacy Policy - Adamello 10\",\"isPartOf\":{\"@id\":\"https:\/\/adamello10.it\/landing\/#website\"},\"datePublished\":\"2023-10-09T15:59:39+00:00\",\"dateModified\":\"2023-10-20T10:53:53+00:00\",\"breadcrumb\":{\"@id\":\"https:\/\/adamello10.it\/landing\/privacy-policy\/#breadcrumb\"},\"inLanguage\":\"it-IT\",\"potentialAction\":[{\"@type\":\"ReadAction\",\"target\":[\"https:\/\/adamello10.it\/landing\/privacy-policy\/\"]}]},{\"@type\":\"BreadcrumbList\",\"@id\":\"https:\/\/adamello10.it\/landing\/privacy-policy\/#breadcrumb\",\"itemListElement\":[{\"@type\":\"ListItem\",\"position\":1,\"name\":\"Home\",\"item\":\"https:\/\/adamello10.it\/landing\/\"},{\"@type\":\"ListItem\",\"position\":2,\"name\":\"Privacy Policy\"}]},{\"@type\":\"WebSite\",\"@id\":\"https:\/\/adamello10.it\/landing\/#website\",\"url\":\"https:\/\/adamello10.it\/landing\/\",\"name\":\"Adamello 10\",\"description\":\"Living Romana Yards\",\"potentialAction\":[{\"@type\":\"SearchAction\",\"target\":{\"@type\":\"EntryPoint\",\"urlTemplate\":\"https:\/\/adamello10.it\/landing\/?s={search_term_string}\"},\"query-input\":{\"@type\":\"PropertyValueSpecification\",\"valueRequired\":true,\"valueName\":\"search_term_string\"}}],\"inLanguage\":\"it-IT\"}]}<\/script>\n<!-- \/ Yoast SEO plugin. -->","yoast_head_json":{"title":"Privacy Policy - Adamello 10","robots":{"index":"index","follow":"follow","max-snippet":"max-snippet:-1","max-image-preview":"max-image-preview:large","max-video-preview":"max-video-preview:-1"},"canonical":"https:\/\/adamello10.it\/landing\/privacy-policy\/","og_locale":"it_IT","og_type":"article","og_title":"Privacy Policy - Adamello 10","og_description":"Privacy Policy Ai sensi e per gli effetti degli Articoli 13 e 14 del Regolamento Generale (UE) 2016\/679 sulla Protezione dei Dati Personali (d\u2019ora in poi GDPR), il presente testo indica come tuteliamo la privacy dei visitatori del Sito, descrivendo come raccogliamo, trattiamo e proteggiamo le informazioni personali, i diritti garantiti ai soggetti interessati e &hellip; Continued","og_url":"https:\/\/adamello10.it\/landing\/privacy-policy\/","og_site_name":"Adamello 10","article_modified_time":"2023-10-20T10:53:53+00:00","twitter_card":"summary_large_image","twitter_misc":{"Tempo di lettura stimato":"7 minuti"},"schema":{"@context":"https:\/\/schema.org","@graph":[{"@type":"WebPage","@id":"https:\/\/adamello10.it\/landing\/privacy-policy\/","url":"https:\/\/adamello10.it\/landing\/privacy-policy\/","name":"Privacy Policy - Adamello 10","isPartOf":{"@id":"https:\/\/adamello10.it\/landing\/#website"},"datePublished":"2023-10-09T15:59:39+00:00","dateModified":"2023-10-20T10:53:53+00:00","breadcrumb":{"@id":"https:\/\/adamello10.it\/landing\/privacy-policy\/#breadcrumb"},"inLanguage":"it-IT","potentialAction":[{"@type":"ReadAction","target":["https:\/\/adamello10.it\/landing\/privacy-policy\/"]}]},{"@type":"BreadcrumbList","@id":"https:\/\/adamello10.it\/landing\/privacy-policy\/#breadcrumb","itemListElement":[{"@type":"ListItem","position":1,"name":"Home","item":"https:\/\/adamello10.it\/landing\/"},{"@type":"ListItem","position":2,"name":"Privacy Policy"}]},{"@type":"WebSite","@id":"https:\/\/adamello10.it\/landing\/#website","url":"https:\/\/adamello10.it\/landing\/","name":"Adamello 10","description":"Living Romana Yards","potentialAction":[{"@type":"SearchAction","target":{"@type":"EntryPoint","urlTemplate":"https:\/\/adamello10.it\/landing\/?s={search_term_string}"},"query-input":{"@type":"PropertyValueSpecification","valueRequired":true,"valueName":"search_term_string"}}],"inLanguage":"it-IT"}]}},"_links":{"self":[{"href":"https:\/\/adamello10.it\/landing\/wp-json\/wp\/v2\/pages\/3","targetHints":{"allow":["GET"]}}],"collection":[{"href":"https:\/\/adamello10.it\/landing\/wp-json\/wp\/v2\/pages"}],"about":[{"href":"https:\/\/adamello10.it\/landing\/wp-json\/wp\/v2\/types\/page"}],"author":[{"embeddable":true,"href":"https:\/\/adamello10.it\/landing\/wp-json\/wp\/v2\/users\/1"}],"replies":[{"embeddable":true,"href":"https:\/\/adamello10.it\/landing\/wp-json\/wp\/v2\/comments?post=3"}],"version-history":[{"count":2,"href":"https:\/\/adamello10.it\/landing\/wp-json\/wp\/v2\/pages\/3\/revisions"}],"predecessor-version":[{"id":113,"href":"https:\/\/adamello10.it\/landing\/wp-json\/wp\/v2\/pages\/3\/revisions\/113"}],"wp:attachment":[{"href":"https:\/\/adamello10.it\/landing\/wp-json\/wp\/v2\/media?parent=3"}],"curies":[{"name":"wp","href":"https:\/\/api.w.org\/{rel}","templated":true}]}}